{"id":4576,"date":"2024-07-27T12:58:39","date_gmt":"2024-07-27T12:58:39","guid":{"rendered":"https:\/\/www.bahceciyapi.com.tr\/s4\/?page_id=4576"},"modified":"2024-07-27T13:26:08","modified_gmt":"2024-07-27T13:26:08","slug":"kurumsal","status":"publish","type":"page","link":"https:\/\/www.bahceciyapi.com.tr\/s4\/kurumsal\/","title":{"rendered":"KURUMSAL"},"content":{"rendered":"\t\t<div data-elementor-type=\"wp-page\" data-elementor-id=\"4576\" class=\"elementor elementor-4576\">\n\t\t\t\t\t\t<section class=\"elementor-section elementor-top-section elementor-element elementor-element-704033e elementor-section-stretched elementor-section-boxed elementor-section-height-default elementor-section-height-default\" data-id=\"704033e\" data-element_type=\"section\" data-settings=\"{&quot;stretch_section&quot;:&quot;section-stretched&quot;}\">\n\t\t\t\t\t\t<div class=\"elementor-container elementor-column-gap-extended\">\n\t\t\t\t\t<div class=\"elementor-column elementor-col-100 elementor-top-column elementor-element elementor-element-8cdee66\" data-id=\"8cdee66\" data-element_type=\"column\">\n\t\t\t<div class=\"elementor-widget-wrap elementor-element-populated\">\n\t\t\t\t\t\t<div class=\"elementor-element elementor-element-8e8131f elementor-invisible elementor-widget elementor-widget-heading\" data-id=\"8e8131f\" data-element_type=\"widget\" data-settings=\"{&quot;_animation&quot;:&quot;slide-up&quot;}\" data-widget_type=\"heading.default\">\n\t\t\t\t<div class=\"elementor-widget-container\">\n\t\t\t<style>\/*! elementor - v3.23.0 - 15-07-2024 *\/\n.elementor-heading-title{padding:0;margin:0;line-height:1}.elementor-widget-heading .elementor-heading-title[class*=elementor-size-]>a{color:inherit;font-size:inherit;line-height:inherit}.elementor-widget-heading .elementor-heading-title.elementor-size-small{font-size:15px}.elementor-widget-heading .elementor-heading-title.elementor-size-medium{font-size:19px}.elementor-widget-heading .elementor-heading-title.elementor-size-large{font-size:29px}.elementor-widget-heading .elementor-heading-title.elementor-size-xl{font-size:39px}.elementor-widget-heading .elementor-heading-title.elementor-size-xxl{font-size:59px}<\/style><h2 class=\"elementor-heading-title elementor-size-default\">KURUMSAL<\/h2>\t\t<\/div>\n\t\t\t\t<\/div>\n\t\t\t\t<div class=\"elementor-element elementor-element-c79f466 elementor-invisible elementor-widget elementor-widget-text-editor\" data-id=\"c79f466\" data-element_type=\"widget\" data-settings=\"{&quot;_animation&quot;:&quot;slide-up&quot;}\" data-widget_type=\"text-editor.default\">\n\t\t\t\t<div class=\"elementor-widget-container\">\n\t\t\t<style>\/*! elementor - v3.23.0 - 15-07-2024 *\/\n.elementor-widget-text-editor.elementor-drop-cap-view-stacked .elementor-drop-cap{background-color:#69727d;color:#fff}.elementor-widget-text-editor.elementor-drop-cap-view-framed .elementor-drop-cap{color:#69727d;border:3px solid;background-color:transparent}.elementor-widget-text-editor:not(.elementor-drop-cap-view-default) .elementor-drop-cap{margin-top:8px}.elementor-widget-text-editor:not(.elementor-drop-cap-view-default) .elementor-drop-cap-letter{width:1em;height:1em}.elementor-widget-text-editor .elementor-drop-cap{float:left;text-align:center;line-height:1;font-size:50px}.elementor-widget-text-editor .elementor-drop-cap-letter{display:inline-block}<\/style>\t\t\t\t<p>Ge\u00e7mi\u015ften g\u00fc\u00e7 alarak; gen\u00e7, dinamik, yenilik\u00e7i ve enerjik bir yap\u0131yla kuruldu\u011fumuz g\u00fcnden bu yana m\u00fc\u015fteri odakl\u0131, \u00e7evreye duyarl\u0131 projeler ile &#8220;mutluluk in\u015faa ediyoruz.&#8221;<\/p><p>Sa\u011flam temellere konumland\u0131rd\u0131\u011f\u0131m\u0131z kurumsal ilkelerimiz ile her ge\u00e7en g\u00fcn trendi ve teknolojiyi takip edip s\u00fcrekli yenilenen bir proje anlay\u0131\u015f\u0131 ile yap\u0131lar\u0131m\u0131z\u0131 in\u015faa ediyoruz.<\/p><p>\u00a0<\/p><p>\u00a0<\/p><p>Daha fazla istihdam sa\u011flarken ve daha fazla \u00fcretirken, kontroll\u00fc bir b\u00fcy\u00fcmeyi ve proje y\u00f6netimini hedeflemekteyiz. Projelerimizdeki en k\u00fc\u00e7\u00fck detaylar\u0131, ya\u015fanabilecek aksakl\u0131klar\u0131, kurumsal yap\u0131m\u0131z\u0131n en \u00fcst\u00fcnden en alt\u0131na kadar kontrol\u00fcnden ge\u00e7meli, fark\u0131nda olmal\u0131 ve \u00e7\u00f6z\u00fcm \u00fcretmelidir. Dairelerimiz esteti\u011fin ve fonksiyonelli\u011fin bir arada uyumu anlay\u0131\u015fla tasarlanarak in\u015fa edilmektedir. Gerekli jeofizik ve jeoteknik \u00e7al\u0131\u015fmalar\u0131n sonucunda temel sistemi ve statik hesaplar\u0131 yap\u0131larak uzman firmalar\u0131n kontrol\u00fc ile projelerimiz tamamlanmaktad\u0131r.<\/p><p>Odaklanma, farkl\u0131la\u015fma, yenilik\u00e7ilik ve s\u00fcrd\u00fcr\u00fclebilirlik temelleri \u00fczerine kurdu\u011fumuz \u00e7al\u0131\u015fma anlay\u0131\u015f\u0131n\u0131 koruyarak \u00e7ok proje de\u011fil, \u00e7ok mutlu m\u00fc\u015fteri ilkesiyle ilerlerken, \u00f6nceliklerimiz olan sa\u011fl\u0131kl\u0131, kaliteli ve tasarlad\u0131klar\u0131m\u0131z\u0131n oda\u011f\u0131nda her zaman mutluluk olmaya devam edecek.<\/p>\t\t\t\t\t\t<\/div>\n\t\t\t\t<\/div>\n\t\t\t\t\t<\/div>\n\t\t<\/div>\n\t\t\t\t\t<\/div>\n\t\t<\/section>\n\t\t\t\t<section class=\"elementor-section elementor-top-section elementor-element elementor-element-d1af3fb elementor-section-stretched elementor-section-boxed elementor-section-height-default elementor-section-height-default\" data-id=\"d1af3fb\" data-element_type=\"section\" data-settings=\"{&quot;stretch_section&quot;:&quot;section-stretched&quot;}\">\n\t\t\t\t\t\t<div class=\"elementor-container elementor-column-gap-extended\">\n\t\t\t\t\t<div class=\"elementor-column elementor-col-100 elementor-top-column elementor-element elementor-element-bad8d86\" data-id=\"bad8d86\" data-element_type=\"column\">\n\t\t\t<div class=\"elementor-widget-wrap elementor-element-populated\">\n\t\t\t\t\t\t<div class=\"elementor-element elementor-element-ca20ee5 elementor-invisible elementor-widget elementor-widget-heading\" data-id=\"ca20ee5\" data-element_type=\"widget\" data-settings=\"{&quot;_animation&quot;:&quot;slide-up&quot;}\" data-widget_type=\"heading.default\">\n\t\t\t\t<div class=\"elementor-widget-container\">\n\t\t\t<h2 class=\"elementor-heading-title elementor-size-default\">M\u0130SYONUMUZ VE V\u0130ZYONUMUZ\n<\/h2>\t\t<\/div>\n\t\t\t\t<\/div>\n\t\t\t\t<div class=\"elementor-element elementor-element-5be25ee elementor-invisible elementor-widget elementor-widget-text-editor\" data-id=\"5be25ee\" data-element_type=\"widget\" data-settings=\"{&quot;_animation&quot;:&quot;slide-up&quot;}\" data-widget_type=\"text-editor.default\">\n\t\t\t\t<div class=\"elementor-widget-container\">\n\t\t\t\t\t\t\t<div class=\"elementor-element elementor-element-ca20ee5 elementor-widget elementor-widget-heading animated slide-up\" data-id=\"ca20ee5\" data-element_type=\"widget\" data-settings=\"{&quot;_animation&quot;:&quot;slide-up&quot;}\" data-widget_type=\"heading.default\"><div class=\"elementor-widget-container\"><div class=\"elementor-element elementor-element-ca20ee5 elementor-widget elementor-widget-heading animated slide-up\" data-id=\"ca20ee5\" data-element_type=\"widget\" data-settings=\"{&quot;_animation&quot;:&quot;slide-up&quot;}\" data-widget_type=\"heading.default\"><div class=\"elementor-widget-container\">\u00a0<\/div><\/div><div class=\"elementor-element elementor-element-5be25ee elementor-widget elementor-widget-text-editor animated slide-up\" data-id=\"5be25ee\" data-element_type=\"widget\" data-settings=\"{&quot;_animation&quot;:&quot;slide-up&quot;}\" data-widget_type=\"text-editor.default\"><div class=\"elementor-widget-container\"><p>Misyonumuz, in\u015faat sekt\u00f6r\u00fcnde g\u00fcvenilir ve s\u00fcrd\u00fcr\u00fclebilir projeler geli\u015ftirerek, m\u00fc\u015fterilerimizin beklentilerini en \u00fcst d\u00fczeyde kar\u015f\u0131lamakt\u0131r. \u00c7evreye duyarl\u0131, estetik ve fonksiyonel yap\u0131lar in\u015fa ederek, ya\u015fam kalitesini art\u0131rmay\u0131 hedefliyoruz.<\/p><p>\u00a0<\/p><\/div><\/div><div class=\"elementor-element elementor-element-618b215 elementor-widget elementor-widget-text-editor animated slide-up\" data-id=\"618b215\" data-element_type=\"widget\" data-settings=\"{&quot;_animation&quot;:&quot;slide-up&quot;}\" data-widget_type=\"text-editor.default\"><div class=\"elementor-widget-container\"><p>Vizyonumuz, in\u015faat sekt\u00f6r\u00fcnde lider ve \u00f6rnek bir firma olarak tan\u0131nmak ve uluslararas\u0131 standartlarda projelere imza atmakt\u0131r. Teknolojinin sundu\u011fu yenilikleri takip ederek, kaliteli ve g\u00fcvenilir yap\u0131lar in\u015fa etmek temel hedefimizdir.<\/p><\/div><\/div><\/div><\/div>\t\t\t\t\t\t<\/div>\n\t\t\t\t<\/div>\n\t\t\t\t\t<\/div>\n\t\t<\/div>\n\t\t\t\t\t<\/div>\n\t\t<\/section>\n\t\t\t\t<\/div>\n\t\t","protected":false},"excerpt":{"rendered":"<p>KURUMSAL Ge\u00e7mi\u015ften g\u00fc\u00e7 alarak; gen\u00e7, dinamik, yenilik\u00e7i ve enerjik bir yap\u0131yla kuruldu\u011fumuz g\u00fcnden bu yana m\u00fc\u015fteri odakl\u0131, \u00e7evreye duyarl\u0131 projeler ile &#8220;mutluluk in\u015faa ediyoruz.&#8221; Sa\u011flam temellere konumland\u0131rd\u0131\u011f\u0131m\u0131z kurumsal ilkelerimiz ile her ge\u00e7en g\u00fcn trendi ve teknolojiyi takip edip s\u00fcrekli yenilenen bir proje anlay\u0131\u015f\u0131 ile yap\u0131lar\u0131m\u0131z\u0131 in\u015faa ediyoruz. \u00a0 \u00a0 Daha fazla istihdam sa\u011flarken ve daha [&hellip;]<\/p>\n","protected":false},"author":1,"featured_media":0,"parent":0,"menu_order":0,"comment_status":"closed","ping_status":"closed","template":"","meta":{"footnotes":""},"class_list":["post-4576","page","type-page","status-publish","hentry"],"_links":{"self":[{"href":"https:\/\/www.bahceciyapi.com.tr\/s4\/wp-json\/wp\/v2\/pages\/4576","targetHints":{"allow":["GET"]}}],"collection":[{"href":"https:\/\/www.bahceciyapi.com.tr\/s4\/wp-json\/wp\/v2\/pages"}],"about":[{"href":"https:\/\/www.bahceciyapi.com.tr\/s4\/wp-json\/wp\/v2\/types\/page"}],"author":[{"embeddable":true,"href":"https:\/\/www.bahceciyapi.com.tr\/s4\/wp-json\/wp\/v2\/users\/1"}],"replies":[{"embeddable":true,"href":"https:\/\/www.bahceciyapi.com.tr\/s4\/wp-json\/wp\/v2\/comments?post=4576"}],"version-history":[{"count":4,"href":"https:\/\/www.bahceciyapi.com.tr\/s4\/wp-json\/wp\/v2\/pages\/4576\/revisions"}],"predecessor-version":[{"id":4586,"href":"https:\/\/www.bahceciyapi.com.tr\/s4\/wp-json\/wp\/v2\/pages\/4576\/revisions\/4586"}],"wp:attachment":[{"href":"https:\/\/www.bahceciyapi.com.tr\/s4\/wp-json\/wp\/v2\/media?parent=4576"}],"curies":[{"name":"wp","href":"https:\/\/api.w.org\/{rel}","templated":true}]}}